{"id":8416,"date":"2025-10-15T23:50:32","date_gmt":"2025-10-15T21:50:32","guid":{"rendered":"https:\/\/xn--hyvinknkeilailuliitto-b2ba.fi\/?page_id=8416"},"modified":"2026-04-22T12:31:14","modified_gmt":"2026-04-22T10:31:14","slug":"kilpailut-nurmijarvi","status":"publish","type":"page","link":"https:\/\/xn--hyvinknkeilailuliitto-b2ba.fi\/?page_id=8416","title":{"rendered":"Kilpailut Nurmij\u00e4rvi"},"content":{"rendered":"\n<pre style=\"text-align: center;\"><span style=\"font-size: 16px;\"><strong><span style=\"font-family: tahoma, arial, helvetica, sans-serif;\"><a id=\"m_2687826874772200929OWA03cd5f67-ef71-6437-3eed-b78b5d1ffdd1\" href=\"https:\/\/www.bowlingcorner.fi\/keilaus\/\" target=\"_blank\" rel=\"noopener\" data-saferedirecturl=\"https:\/\/www.google.com\/url?q=https:\/\/www.bowlingcorner.fi\/keilaus\/&amp;source=gmail&amp;ust=1760651419990000&amp;usg=AOvVaw3f6WMNGqJsjuu-lOb7MWeN\">Keilaus &amp; hohtokeilaus Nurmij\u00e4rvi - Bowling Corner<\/a><\/span><\/strong><\/span><\/pre>\n\n\n\n<hr class=\"wp-block-separator has-alpha-channel-opacity\"\/>\n\n\n\n<pre style=\"text-align: center;\"><span style=\"font-family: tahoma, arial, helvetica, sans-serif;\"><a class=\"fasc-button fasc-size-large fasc-type-popout fasc-style-bold\" style=\"background-color: #33809e; color: #ffffff;\" target=\"_blank\" href=\"https:\/\/xn--hyvinknkeilailuliitto-b2ba.fi\/wp-content\/uploads\/2026\/04\/Nurke_prossakisa.jpg\">NurKen Prossakisa (23.4.-3.7.2026)<\/a><\/span><\/pre>\n\n\n\n<h4><a href=\"https:\/\/xn--hyvinknkeilailuliitto-b2ba.fi\/wp-content\/uploads\/2026\/04\/Nurke_prossakisa2.jpg\"><strong><span style=\"font-family: tahoma, arial, helvetica, sans-serif;\">Rataprofiili<\/span><\/strong><\/a><\/h4>\n<h4>\u00a0<\/h4>\n<h4><a href=\"https:\/\/bowlingcorner.nettilomake.fi\/\"><strong><span style=\"font-family: tahoma, arial, helvetica, sans-serif;\">Kilpailuun ilmoittautuminen<\/span><\/strong><\/a><\/h4>\n<h4>\u00a0<\/h4>\n<h4><a href=\"https:\/\/kilpailut.keilailu.fi\/competitions\/22628\/\"><strong><span style=\"font-family: tahoma, arial, helvetica, sans-serif;\">Kilpailun kaikki tulokset<\/span><\/strong><\/a><\/h4>\n<h4>\u00a0<\/h4>\n<h4><a href=\"https:\/\/sklrekisteri.keilailu.fi\/admin\/scoring\/competition\/22628\/advancement\/\"><strong><span style=\"font-family: tahoma, arial, helvetica, sans-serif;\">Finaaliin menossa t\u00e4ll\u00e4 hetkell\u00e4<\/span><\/strong><\/a><\/h4>\n<h4>\u00a0<\/h4>\n\n\n\n<hr class=\"wp-block-separator has-alpha-channel-opacity\"\/>\n\n\n\n<hr class=\"wp-block-separator has-alpha-channel-opacity\"\/>\n\n\n\n<hr class=\"wp-block-separator has-alpha-channel-opacity\"\/>\n\n\n\n<p>&nbsp;<\/p>\n<pre style=\"text-align: center;\"><span style=\"font-family: tahoma, arial, helvetica, sans-serif;\"><strong><span style=\"font-size: 16px;\"><a class=\"fasc-button fasc-size-large fasc-type-popout fasc-style-bold\" style=\"background-color: #33809e; color: #ffffff;\" target=\"_blank\" rel=\"noopener\" href=\"https:\/\/xn--hyvinknkeilailuliitto-b2ba.fi\/wp-content\/uploads\/2026\/01\/TEERENPELI.pdf\"><span style=\"font-size: 20px;\">Teerenpeli (12.1.-<\/span>15.3.2026)<\/a><\/span><\/strong><\/span><\/pre>\n\n\n\n<h4><span style=\"font-family: tahoma, arial, helvetica, sans-serif;\"><strong><span style=\"font-size: 16px;\"><a href=\"https:\/\/xn--hyvinknkeilailuliitto-b2ba.fi\/wp-content\/uploads\/2026\/01\/Teerenpeli_rataprofiili.pdf\">Rataprofiili<\/a><\/span><\/strong><\/span><\/h4>\n<h4>\u00a0<\/h4>\n<h4><span style=\"font-family: tahoma, arial, helvetica, sans-serif;\"><a href=\"https:\/\/bowlingcorner.nettilomake.fi\/\"><strong>Kilpailuun ilmoittautuminen<\/strong><\/a><\/span><\/h4>\n<h4>\u00a0<\/h4>\n<h4><span style=\"font-family: tahoma, arial, helvetica, sans-serif;\"><a href=\"https:\/\/kilpailut.keilailu.fi\/competitions\/21524\/\"><strong>Kilpailun Tulokset<\/strong><\/a><\/span><\/h4>\n<h4>\u00a0<\/h4>\n<h4><span style=\"color: #ff0000;\"><a style=\"color: #ff0000;\" href=\"https:\/\/kilpailut.keilailu.fi\/competitions\/22316\/\"><span style=\"font-family: tahoma, arial, helvetica, sans-serif;\"><strong>Finaalin tulokset (19.3.2026)<\/strong><\/span><\/a><\/span><\/h4>\n\n\n\n<hr class=\"wp-block-separator has-alpha-channel-opacity\"\/>\n\n\n\n<hr class=\"wp-block-separator has-alpha-channel-opacity\"\/>\n\n\n\n<hr class=\"wp-block-separator has-alpha-channel-opacity\"\/>\n\n\n\n<p>&nbsp;<\/p>\n<pre style=\"text-align: center;\"><span style=\"font-family: tahoma, arial, helvetica, sans-serif;\"><strong><a class=\"fasc-button fasc-size-large fasc-type-popout fasc-style-bold\" style=\"background-color: #33809e; color: #ffffff;\" target=\"_blank\" rel=\"noopener\" href=\"https:\/\/xn--hyvinknkeilailuliitto-b2ba.fi\/wp-content\/uploads\/2025\/10\/First_Corner_Open.png\">First Corner Open (20.10.-30.11.2025)<\/a><\/strong><\/span><\/pre>\n\n\n\n<p><span style=\"font-size: 16px;\"><a href=\"https:\/\/xn--hyvinknkeilailuliitto-b2ba.fi\/wp-content\/uploads\/2025\/10\/Rataprofiili_Corner_Open.png\"><strong><span style=\"font-family: tahoma, arial, helvetica, sans-serif;\">Rataprofiili<\/span><\/strong><\/a><strong><span style=\"font-family: tahoma, arial, helvetica, sans-serif;\">\u00a0 <\/span><\/strong><\/span><\/p>\n<p><span style=\"font-size: 16px;\"><a href=\"https:\/\/bowlingcorner.nettilomake.fi\/\"><strong><span style=\"font-family: tahoma, arial, helvetica, sans-serif;\">Kilpailuun ilmoittautuminen<\/span><\/strong><\/a><\/span><\/p>\n\n\n\n<p><span style=\"font-family: tahoma, arial, helvetica, sans-serif; font-size: 16px;\"><a href=\"https:\/\/kilpailut.keilailu.fi\/competitions\/20698\/\"><strong>Kilpailun tulokset<\/strong><\/a><\/span><\/p>\n<p>\u00a0<\/p>\n\n\n\n<hr \/><hr \/>\n<p>\u00a0<\/p>\n","protected":false},"excerpt":{"rendered":"<p>Keilaus &amp; hohtokeilaus Nurmij\u00e4rvi &#8211; Bowling Corner NurKen Prossakisa (23.4.-3.7.2026) Rataprofiili \u00a0 Kilpailuun ilmoittautuminen \u00a0 Kilpailun kaikki tulokset \u00a0 Finaaliin menossa t\u00e4ll\u00e4 hetkell\u00e4 \u00a0 &nbsp; Teerenpeli (12.1.-15.3.2026) Rataprofiili \u00a0 Kilpailuun ilmoittautuminen \u00a0 Kilpailun Tulokset \u00a0 Finaalin tulokset (19.3.2026) &nbsp; First &hellip; <a href=\"https:\/\/xn--hyvinknkeilailuliitto-b2ba.fi\/?page_id=8416\">Lue loppuun <span class=\"meta-nav\">&rarr;<\/span><\/a><\/p>\n","protected":false},"author":3,"featured_media":0,"parent":0,"menu_order":0,"comment_status":"closed","ping_status":"closed","template":"","meta":{"footnotes":""},"class_list":["post-8416","page","type-page","status-publish","hentry"],"_links":{"self":[{"href":"https:\/\/xn--hyvinknkeilailuliitto-b2ba.fi\/index.php?rest_route=\/wp\/v2\/pages\/8416","targetHints":{"allow":["GET"]}}],"collection":[{"href":"https:\/\/xn--hyvinknkeilailuliitto-b2ba.fi\/index.php?rest_route=\/wp\/v2\/pages"}],"about":[{"href":"https:\/\/xn--hyvinknkeilailuliitto-b2ba.fi\/index.php?rest_route=\/wp\/v2\/types\/page"}],"author":[{"embeddable":true,"href":"https:\/\/xn--hyvinknkeilailuliitto-b2ba.fi\/index.php?rest_route=\/wp\/v2\/users\/3"}],"replies":[{"embeddable":true,"href":"https:\/\/xn--hyvinknkeilailuliitto-b2ba.fi\/index.php?rest_route=%2Fwp%2Fv2%2Fcomments&post=8416"}],"version-history":[{"count":41,"href":"https:\/\/xn--hyvinknkeilailuliitto-b2ba.fi\/index.php?rest_route=\/wp\/v2\/pages\/8416\/revisions"}],"predecessor-version":[{"id":8886,"href":"https:\/\/xn--hyvinknkeilailuliitto-b2ba.fi\/index.php?rest_route=\/wp\/v2\/pages\/8416\/revisions\/8886"}],"wp:attachment":[{"href":"https:\/\/xn--hyvinknkeilailuliitto-b2ba.fi\/index.php?rest_route=%2Fwp%2Fv2%2Fmedia&parent=8416"}],"curies":[{"name":"wp","href":"https:\/\/api.w.org\/{rel}","templated":true}]}}