{"id":7,"date":"2013-03-24T10:21:29","date_gmt":"2013-03-24T08:21:29","guid":{"rendered":"http:\/\/xn--hyvinknkeilailuliitto-b2ba.fi\/?page_id=7"},"modified":"2026-01-28T18:14:50","modified_gmt":"2026-01-28T16:14:50","slug":"toimihenkilot","status":"publish","type":"page","link":"https:\/\/xn--hyvinknkeilailuliitto-b2ba.fi\/?page_id=7","title":{"rendered":"Toimihenkil\u00f6t"},"content":{"rendered":"<p><strong>Vuosi 2025-2026<\/strong><br \/>\n<strong>Hyvink\u00e4\u00e4n Keilailuliitto ry<\/strong> (Y-tunnus 0398070-2)<br \/>\nKauppalankatu 7-11<br \/>\n05800 HYVINK\u00c4\u00c4<br \/>\nPuh: 019 &#8211; 453 815<br \/>\nEmail: hyvinkaan.keilailuliitto(at)co.inet.fi<\/p>\n<p><strong>Puheenjohtaja:<\/strong><br \/>\nTuula Tamminen<\/p>\n<p><strong>Rahastonhoitaja:<\/strong><br \/>\nAnni Naatti<\/p>\n<p><strong>Sihteeri:<\/strong><br \/>\nMika Luoto<\/p>\n<p><strong>Varapuheenjohtaja:<\/strong><br \/>\nJoakim Westlin<\/p>\n<p><strong>J\u00e4senet:<\/strong><br \/>\nJarmo Tamminen<br \/>\nAnni Naatti<br \/>\nTuomo Petrell<br \/>\nHarri Nyk\u00e4nen<br \/>\nRisto Ovaska<br \/>\nMarko Lindfors<br \/>\nPekka Korkala<\/p>\n<p><strong>Varaj\u00e4senet:<\/strong><br \/>\nMika Luoto<br \/>\nTomi Honkonen<\/p>\n","protected":false},"excerpt":{"rendered":"<p>Vuosi 2025-2026 Hyvink\u00e4\u00e4n Keilailuliitto ry (Y-tunnus 0398070-2) Kauppalankatu 7-11 05800 HYVINK\u00c4\u00c4 Puh: 019 &#8211; 453 815 Email: hyvinkaan.keilailuliitto(at)co.inet.fi Puheenjohtaja: Tuula Tamminen Rahastonhoitaja: Anni Naatti Sihteeri: Mika Luoto Varapuheenjohtaja: Joakim Westlin J\u00e4senet: Jarmo Tamminen Anni Naatti Tuomo Petrell Harri Nyk\u00e4nen Risto &hellip; <a href=\"https:\/\/xn--hyvinknkeilailuliitto-b2ba.fi\/?page_id=7\">Lue loppuun <span class=\"meta-nav\">&rarr;<\/span><\/a><\/p>\n","protected":false},"author":3,"featured_media":0,"parent":0,"menu_order":57,"comment_status":"closed","ping_status":"closed","template":"","meta":{"footnotes":""},"class_list":["post-7","page","type-page","status-publish","hentry"],"_links":{"self":[{"href":"https:\/\/xn--hyvinknkeilailuliitto-b2ba.fi\/index.php?rest_route=\/wp\/v2\/pages\/7","targetHints":{"allow":["GET"]}}],"collection":[{"href":"https:\/\/xn--hyvinknkeilailuliitto-b2ba.fi\/index.php?rest_route=\/wp\/v2\/pages"}],"about":[{"href":"https:\/\/xn--hyvinknkeilailuliitto-b2ba.fi\/index.php?rest_route=\/wp\/v2\/types\/page"}],"author":[{"embeddable":true,"href":"https:\/\/xn--hyvinknkeilailuliitto-b2ba.fi\/index.php?rest_route=\/wp\/v2\/users\/3"}],"replies":[{"embeddable":true,"href":"https:\/\/xn--hyvinknkeilailuliitto-b2ba.fi\/index.php?rest_route=%2Fwp%2Fv2%2Fcomments&post=7"}],"version-history":[{"count":33,"href":"https:\/\/xn--hyvinknkeilailuliitto-b2ba.fi\/index.php?rest_route=\/wp\/v2\/pages\/7\/revisions"}],"predecessor-version":[{"id":8656,"href":"https:\/\/xn--hyvinknkeilailuliitto-b2ba.fi\/index.php?rest_route=\/wp\/v2\/pages\/7\/revisions\/8656"}],"wp:attachment":[{"href":"https:\/\/xn--hyvinknkeilailuliitto-b2ba.fi\/index.php?rest_route=%2Fwp%2Fv2%2Fmedia&parent=7"}],"curies":[{"name":"wp","href":"https:\/\/api.w.org\/{rel}","templated":true}]}}