{"id":51,"date":"2013-03-24T12:31:36","date_gmt":"2013-03-24T10:31:36","guid":{"rendered":"http:\/\/xn--hyvinknkeilailuliitto-b2ba.fi\/?page_id=51"},"modified":"2025-10-16T00:13:39","modified_gmt":"2025-10-15T22:13:39","slug":"linkkeja","status":"publish","type":"page","link":"https:\/\/xn--hyvinknkeilailuliitto-b2ba.fi\/?page_id=51","title":{"rendered":"Linkkej\u00e4"},"content":{"rendered":"<p><span style=\"font-family: tahoma, arial, helvetica, sans-serif; font-size: 16px;\"><a href=\"https:\/\/beta.lanetalk.com\/bowlingcenters\/08c6a6c8-e04c-4813-bfc7-dc2375cff2b3\/livescoring\"><strong>Livescoring (Hyvink\u00e4\u00e4n Keilahalli)<\/strong><\/a><\/span><\/p>\n<p><span style=\"font-size: 16px; font-family: tahoma, arial, helvetica, sans-serif;\"><strong><a href=\"http:\/\/acat.sporttisaitti.com\/\" target=\"_blank\" rel=\"noopener\">Keilaseura aCat<\/a><\/strong><\/span><\/p>\n<p><span style=\"font-size: 16px; font-family: tahoma, arial, helvetica, sans-serif;\"><strong><a href=\"http:\/\/www.hyvinkaankeilahalli.fi\/\" target=\"_blank\" rel=\"noopener\">Hyvink\u00e4\u00e4n Keilahalli<\/a><\/strong><\/span><\/p>\n<p><span style=\"font-size: 16px; font-family: tahoma, arial, helvetica, sans-serif;\"><strong><a href=\"http:\/\/www.xn--hyvinknkeilaveteraanit-54ba.net\/\">Hyvink\u00e4\u00e4n Keilaveteraanit<\/a><\/strong><\/span><\/p>\n<p><span style=\"font-size: 16px; font-family: tahoma, arial, helvetica, sans-serif;\"><strong><a title=\"Keilaseura Kamut\" href=\"http:\/\/www.xn--kamuthyvink-v8aa.com\/\" target=\"_blank\" rel=\"noopener\">Keilaseura Kamut<\/a><\/strong><\/span><\/p>\n<p><span style=\"font-size: 16px; font-family: tahoma, arial, helvetica, sans-serif;\"><strong><a title=\"Keilaseura Pyrst\u00f6\" href=\"https:\/\/keilaseurapyrsto-sporttisaitti-com.directo.fi\/\">Keilaseura Pyrst\u00f6<\/a><\/strong><\/span><\/p>\n<p><span style=\"font-size: 16px; font-family: tahoma, arial, helvetica, sans-serif;\"><strong><a title=\"UK88\" href=\"http:\/\/uk88.sporttisaitti.com\/\" target=\"_blank\" rel=\"noopener\">Keilaseura Urakankeila-88<\/a><\/strong><\/span><\/p>\n<p><a href=\"https:\/\/www.bowlingcorner.fi\/keilaus\/\"><strong><span style=\"font-family: tahoma, arial, helvetica, sans-serif; font-size: 16px;\">Nurmij\u00e4rven Keilahalli<\/span><\/strong><\/a><\/p>\n<p><span style=\"font-family: tahoma, arial, helvetica, sans-serif; font-size: 16px;\"><a href=\"http:\/\/www.keravankeilailuliitto.com\/rvarsi\/\"><strong>Radanvarsisarja<\/strong><\/a><\/span><\/p>\n<p><span style=\"font-size: 16px; font-family: tahoma, arial, helvetica, sans-serif;\"><strong><a title=\"Suomen Keilailuliitto\" href=\"http:\/\/www.keilailu.fi\/\" target=\"_blank\" rel=\"noopener\">Suomen Keilailuliitto<\/a><\/strong><\/span><\/p>\n<p><span style=\"font-size: 16px; font-family: tahoma, arial, helvetica, sans-serif;\"><strong><a title=\"Valtakunnalliset Keskiarvot\" href=\"https:\/\/kilpailut.keilailu.fi\/\" target=\"_blank\" rel=\"noopener\">Valtakunnalliset Keskiarvot<\/a>\u00a0 \u00a0 \u00a0 \u00a0 \u00a0 <a href=\"https:\/\/kilpailut.keilailu.fi\/averages?_gl=1*eqr2s7*_up*MQ..*_ga*MTA4MjcwNzk3Ni4xNjk2MzE0NTQ5*_ga_SPB2M7CZ8X*MTY5NjMxNDU0OC4xLjEuMTY5NjMxNDU1NC4wLjAuMA..\">Keskiarvohaku<\/a><\/strong><\/span><\/p>\n<p><span style=\"font-family: tahoma, arial, helvetica, sans-serif; font-size: 16px;\"><a href=\"https:\/\/www.varaavuoro.com\/hyvinkaa\"><strong>Varaa vuorosi Hyvink\u00e4\u00e4n Keilahallista t\u00e4st\u00e4<\/strong><\/a><\/span><\/p>\n","protected":false},"excerpt":{"rendered":"<p>Livescoring (Hyvink\u00e4\u00e4n Keilahalli) Keilaseura aCat Hyvink\u00e4\u00e4n Keilahalli Hyvink\u00e4\u00e4n Keilaveteraanit Keilaseura Kamut Keilaseura Pyrst\u00f6 Keilaseura Urakankeila-88 Nurmij\u00e4rven Keilahalli Radanvarsisarja Suomen Keilailuliitto Valtakunnalliset Keskiarvot\u00a0 \u00a0 \u00a0 \u00a0 \u00a0 Keskiarvohaku Varaa vuorosi Hyvink\u00e4\u00e4n Keilahallista t\u00e4st\u00e4<\/p>\n","protected":false},"author":3,"featured_media":0,"parent":0,"menu_order":69,"comment_status":"closed","ping_status":"closed","template":"","meta":{"footnotes":""},"class_list":["post-51","page","type-page","status-publish","hentry"],"_links":{"self":[{"href":"https:\/\/xn--hyvinknkeilailuliitto-b2ba.fi\/index.php?rest_route=\/wp\/v2\/pages\/51","targetHints":{"allow":["GET"]}}],"collection":[{"href":"https:\/\/xn--hyvinknkeilailuliitto-b2ba.fi\/index.php?rest_route=\/wp\/v2\/pages"}],"about":[{"href":"https:\/\/xn--hyvinknkeilailuliitto-b2ba.fi\/index.php?rest_route=\/wp\/v2\/types\/page"}],"author":[{"embeddable":true,"href":"https:\/\/xn--hyvinknkeilailuliitto-b2ba.fi\/index.php?rest_route=\/wp\/v2\/users\/3"}],"replies":[{"embeddable":true,"href":"https:\/\/xn--hyvinknkeilailuliitto-b2ba.fi\/index.php?rest_route=%2Fwp%2Fv2%2Fcomments&post=51"}],"version-history":[{"count":25,"href":"https:\/\/xn--hyvinknkeilailuliitto-b2ba.fi\/index.php?rest_route=\/wp\/v2\/pages\/51\/revisions"}],"predecessor-version":[{"id":8430,"href":"https:\/\/xn--hyvinknkeilailuliitto-b2ba.fi\/index.php?rest_route=\/wp\/v2\/pages\/51\/revisions\/8430"}],"wp:attachment":[{"href":"https:\/\/xn--hyvinknkeilailuliitto-b2ba.fi\/index.php?rest_route=%2Fwp%2Fv2%2Fmedia&parent=51"}],"curies":[{"name":"wp","href":"https:\/\/api.w.org\/{rel}","templated":true}]}}