{"id":3737,"date":"2019-10-14T14:30:18","date_gmt":"2019-10-14T12:30:18","guid":{"rendered":"http:\/\/xn--hyvinknkeilailuliitto-b2ba.fi\/?page_id=3737"},"modified":"2020-09-21T12:42:52","modified_gmt":"2020-09-21T10:42:52","slug":"materiaalit","status":"publish","type":"page","link":"https:\/\/xn--hyvinknkeilailuliitto-b2ba.fi\/?page_id=3737","title":{"rendered":"Materiaalit"},"content":{"rendered":"\n<p><strong>300 sarjojen ilmoitus <\/strong><a href=\"https:\/\/drive.google.com\/open?id=1SBlSxSO-WivEj-XTEGwF845qNTvW2y_B\"><strong>PDF<\/strong><\/a><strong> <\/strong><a href=\"https:\/\/drive.google.com\/open?id=1RDzGzQ318naZbvHfreFPdT-_XHEwiv5n\"><strong>DOC<\/strong><\/a><\/p>\n\n\n\n<p><strong><a href=\"https:\/\/www.suomisport.fi\/?redirect=%252Fpurchase\">Ensilisenssi (Suomisport)<\/a><\/strong> | <strong><a href=\"https:\/\/drive.google.com\/open?id=1dA3X7OicfVbLR-v-56_48bsNLKk41k4t\">Lisenssin osto-ohje<\/a><\/strong><\/p>\n\n\n\n<p><strong>Farmisopimus<\/strong> <strong><a href=\"https:\/\/drive.google.com\/open?id=1qkkQ70I2H_e7AivJtXAwUDvOwBxkaMS6\">PDF<\/a><\/strong><\/p>\n\n\n\n<p><strong>Henkil\u00f6kohtaisen sponsoroinnin yhteisty\u00f6sopimus <\/strong><a href=\"https:\/\/drive.google.com\/open?id=1ru9KGZ3QHIs-eqcEofbENQZyKQ--GyKN\"><strong>DOC<\/strong><\/a><strong> <\/strong><a href=\"https:\/\/drive.google.com\/open?id=1AUuAbR5h6SLJksYSlVmiJNp30hhumNbg\"><strong>PDF<\/strong><\/a><\/p>\n\n\n\n<p><strong>Keskiarvotasoitustaulukkoja<\/strong> <strong><a href=\"https:\/\/xn--hyvinknkeilailuliitto-b2ba.fi\/wp-content\/uploads\/2019\/10\/Keskiarvotasoitustaulukkoja.pdf\">PDF<\/a><\/strong><\/p>\n\n\n\n<p><strong>Kululasku tukis\u00e4\u00e4ti\u00f6n valmennusrahastoon <a href=\"https:\/\/drive.google.com\/open?id=1e_s1jX3aYvyox3zTiCb5Q5LCWRUIaYW-\">DOC<\/a> <a href=\"https:\/\/drive.google.com\/open?id=1yCXpcar8Ml7AmK83BJugSyEQiSsynDsx\">PDF<\/a><\/strong><\/p>\n\n\n\n<p><strong>Lasku kilpailuj\u00e4rjest\u00e4j\u00e4lle palkkion maksamisesta tukis\u00e4\u00e4ti\u00f6lle <\/strong><a href=\"https:\/\/drive.google.com\/open?id=1-u8PZYJNS_BUncY1r2vuzrj_Yoqs64iN\"><strong>PDF<\/strong><\/a><\/p>\n\n\n\n<p><strong>Lasku sponsorituen maksamisesta tukis\u00e4\u00e4ti\u00f6lle <\/strong><a href=\"https:\/\/drive.google.com\/open?id=1-I0UH73fXo9-lmEDpORn1x48BMz3rhv-\"><strong>PDF<\/strong><\/a><\/p>\n\n\n\n<p><span style=\"font-size: 12px;\"><strong>Lomake kilpailunj\u00e4rjest\u00e4jalle palkintojen maksamisesta Tukis\u00e4\u00e4ti\u00f6lle yli 6 palkittua <a href=\"https:\/\/xn--hyvinknkeilailuliitto-b2ba.fi\/wp-content\/uploads\/2020\/09\/Lomake-kilpailunjarjestajalle-palkintojen-maksamisesta-Tukisaatiolle-Yli-6-palkittua.pdf\">PDF<\/a><\/strong><\/span><\/p>\n<p><strong>Lomake kilpailunj\u00e4rjest\u00e4j\u00e4lle yksitt\u00e4isen palkinnon maksamisesta Tukis\u00e4\u00e4ti\u00f6lle <a href=\"https:\/\/xn--hyvinknkeilailuliitto-b2ba.fi\/wp-content\/uploads\/2020\/09\/Lomake-kilpailunjarjestajalle-yksittaisen-palkinnon-maksamisesta-Tukisaatiolle.pdf\">PDF<\/a><\/strong><\/p>\n\n\n\n<p><strong>Matkalaskulomake 2019 <\/strong><a href=\"https:\/\/drive.google.com\/open?id=1sL12OcDzsGGvUkp2-HSvKVGuifSZHOm-\"><strong>PDF<\/strong><\/a><\/p>\n\n\n\n<p><strong><a href=\"https:\/\/xn--hyvinknkeilailuliitto-b2ba.fi\/wp-content\/uploads\/2020\/09\/OHJEET-KEILAAJAN-HENKILOKOHTAISISTA-PALKINNOISTA-3.9.2020.pdf\">OHJEET KEILAAJAN HENKIL\u00d6KOHTAISISTA PALKINNOISTA 3.9.2020<\/a><\/strong><\/p>\n\n\n\n<p><strong>Palkinnonmaksulomake (verokortilla) <\/strong><a href=\"https:\/\/drive.google.com\/open?id=1HwYAiCsl6EEtEfJZu3FrZ4lRDRcCi5ww\"><strong>EXCEL<\/strong><\/a><strong> <\/strong><a href=\"https:\/\/drive.google.com\/open?id=1oBxS8TX9a9GBKrDY-96x2Ox3X4hPFyMO\"><strong>PDF<\/strong><\/a> <\/p>\n\n\n\n<p><strong>Palkinnonmaksulomake (v\u00e4hennyksin) <\/strong><a href=\"https:\/\/drive.google.com\/open?id=1iWd7WeWFhpWNm_a8eaBDNpd_rcKkkIS7\"><strong>EXCEL<\/strong><\/a><strong> <\/strong><a href=\"https:\/\/drive.google.com\/open?id=1i8khqTc4M6gpt7rVtzuSmEP_conbVrJN\"><strong>PDF<\/strong><\/a><\/p>\n\n\n\n<p><strong>Seuransiirtokaavake <\/strong><a href=\"https:\/\/drive.google.com\/open?id=1quz4trfWoRYbYsrmP8DiSmJ3jBFCdD8m\"><strong>EXCEL<\/strong><\/a><strong> <\/strong><a href=\"https:\/\/drive.google.com\/open?id=10f-LzgCsus0n8Q3iQPJ3uDxwZl-HqRrY\"><strong>PDF<\/strong><\/a><\/p>\n\n\n\n<p><strong>Tukis\u00e4\u00e4ti\u00f6n palkintoerittely yli 6 palkittua<\/strong> <strong><a href=\"https:\/\/xn--hyvinknkeilailuliitto-b2ba.fi\/wp-content\/uploads\/2020\/09\/Tukisaation-palkintoerittely-yli-6-palkittua.pdf\">PDF<\/a><\/strong><\/p>\n\n\n\n<p><\/p>\n","protected":false},"excerpt":{"rendered":"<p>300 sarjojen ilmoitus PDF DOC Ensilisenssi (Suomisport) | Lisenssin osto-ohje Farmisopimus PDF Henkil\u00f6kohtaisen sponsoroinnin yhteisty\u00f6sopimus DOC PDF Keskiarvotasoitustaulukkoja PDF Kululasku tukis\u00e4\u00e4ti\u00f6n valmennusrahastoon DOC PDF Lasku kilpailuj\u00e4rjest\u00e4j\u00e4lle palkkion maksamisesta tukis\u00e4\u00e4ti\u00f6lle PDF Lasku sponsorituen maksamisesta tukis\u00e4\u00e4ti\u00f6lle PDF Lomake kilpailunj\u00e4rjest\u00e4jalle palkintojen maksamisesta Tukis\u00e4\u00e4ti\u00f6lle &hellip; <a href=\"https:\/\/xn--hyvinknkeilailuliitto-b2ba.fi\/?page_id=3737\">Lue loppuun <span class=\"meta-nav\">&rarr;<\/span><\/a><\/p>\n","protected":false},"author":3,"featured_media":0,"parent":0,"menu_order":88889,"comment_status":"closed","ping_status":"closed","template":"","meta":{"footnotes":""},"class_list":["post-3737","page","type-page","status-publish","hentry"],"_links":{"self":[{"href":"https:\/\/xn--hyvinknkeilailuliitto-b2ba.fi\/index.php?rest_route=\/wp\/v2\/pages\/3737","targetHints":{"allow":["GET"]}}],"collection":[{"href":"https:\/\/xn--hyvinknkeilailuliitto-b2ba.fi\/index.php?rest_route=\/wp\/v2\/pages"}],"about":[{"href":"https:\/\/xn--hyvinknkeilailuliitto-b2ba.fi\/index.php?rest_route=\/wp\/v2\/types\/page"}],"author":[{"embeddable":true,"href":"https:\/\/xn--hyvinknkeilailuliitto-b2ba.fi\/index.php?rest_route=\/wp\/v2\/users\/3"}],"replies":[{"embeddable":true,"href":"https:\/\/xn--hyvinknkeilailuliitto-b2ba.fi\/index.php?rest_route=%2Fwp%2Fv2%2Fcomments&post=3737"}],"version-history":[{"count":19,"href":"https:\/\/xn--hyvinknkeilailuliitto-b2ba.fi\/index.php?rest_route=\/wp\/v2\/pages\/3737\/revisions"}],"predecessor-version":[{"id":4472,"href":"https:\/\/xn--hyvinknkeilailuliitto-b2ba.fi\/index.php?rest_route=\/wp\/v2\/pages\/3737\/revisions\/4472"}],"wp:attachment":[{"href":"https:\/\/xn--hyvinknkeilailuliitto-b2ba.fi\/index.php?rest_route=%2Fwp%2Fv2%2Fmedia&parent=3737"}],"curies":[{"name":"wp","href":"https:\/\/api.w.org\/{rel}","templated":true}]}}