{"id":1794,"date":"2016-10-24T12:40:09","date_gmt":"2016-10-24T10:40:09","guid":{"rendered":"http:\/\/xn--hyvinknkeilailuliitto-b2ba.fi\/?page_id=1794"},"modified":"2024-03-28T14:13:30","modified_gmt":"2024-03-28T12:13:30","slug":"liitto-ottelut","status":"publish","type":"page","link":"https:\/\/xn--hyvinknkeilailuliitto-b2ba.fi\/?page_id=1794","title":{"rendered":"Liitto-ottelut"},"content":{"rendered":"<p><a href=\"http:\/\/xn--hyvinknkeilailuliitto-b2ba.fi\/wp-content\/uploads\/2024\/03\/Hyvinkaa-Riihimaki_vet_liitto-ottelu.pdf\"><strong>Hyvink\u00e4\u00e4 &#8211; Riihim\u00e4ki veteraanit 28.3.2024<\/strong><\/a><\/p>\n<p><a href=\"http:\/\/xn--hyvinknkeilailuliitto-b2ba.fi\/wp-content\/uploads\/2023\/02\/Liitto-Ottelu_Hyvinkaa-Tuusula.pdf\"><strong>Liitto-ottelu vs. Tuusula 18.2.2023<\/strong><\/a><\/p>\n<p><strong>Liitto-ottelut 2018 &#8211; 2019<\/strong><\/p>\n<p><a href=\"http:\/\/xn--hyvinknkeilailuliitto-b2ba.fi\/tiedostot\/kilpailut%202018-2019\/liitto-ottelut\/L-o%20Hyvink%c3%a4%c3%a4%20-%20Tuusula.pdf\"><strong>Hyvink\u00e4\u00e4 \u00a0&#8211; \u00a0Tuusula 6.5.2019<\/strong><\/a><\/p>\n<hr \/>\n<p><a href=\"http:\/\/xn--hyvinknkeilailuliitto-b2ba.fi\/tiedostot\/kilpailut%202018-2019\/liitto-ottelut\/Veteraanit%20Hyvink%c3%a4%c3%a4-Riihim%c3%a4ki.pdf\"><strong>Veteraanit Hyvink\u00e4\u00e4 \u00a0&#8211; \u00a0Riihim\u00e4ki 14.3.2019<\/strong><\/a><\/p>\n<p><strong>Yhteistulos kausi 2018-2019<\/strong><\/p>\n<p><strong>Hyvink\u00e4\u00e4 21094 \u00a0&#8211; \u00a0Riihim\u00e4ki 21646<\/strong><\/p>\n<hr \/>\n<p><a href=\"http:\/\/xn--hyvinknkeilailuliitto-b2ba.fi\/tiedostot\/kilpailut%202018-2019\/liitto-ottelut\/Liittoottelu_hlinna.pdf\"><strong>Veteraanit Hyvink\u00e4\u00e4 \u00a0&#8211; \u00a0H\u00e4meenlinna 21.2.2019<\/strong><\/a><\/p>\n<p><strong>18689 \u00a0&#8211; \u00a018605<\/strong><\/p>\n<hr \/>\n<p><strong>Veteraanit Hyvink\u00e4\u00e4 \u00a0&#8211; \u00a0Forssa 31.1.2019<\/strong><\/p>\n<p><a href=\"http:\/\/xn--hyvinknkeilailuliitto-b2ba.fi\/tiedostot\/kilpailut%202018-2019\/liitto-ottelut\/Vet.%20liitto-ottelu%20Hvnk-Forssa.pdf\"><strong>Tulokset Hyvink\u00e4\u00e4ll\u00e4<\/strong><\/a><\/p>\n<p><a href=\"http:\/\/xn--hyvinknkeilailuliitto-b2ba.fi\/tiedostot\/kilpailut%202018-2019\/liitto-ottelut\/Scan0003.pdf\"><strong>Tulokset Forssassa<\/strong><\/a><\/p>\n<hr \/>\n<p><a href=\"http:\/\/xn--hyvinknkeilailuliitto-b2ba.fi\/tiedostot\/kilpailut%202018-2019\/liitto-ottelut\/Scan0002.pdf\"><strong>Veteraanit Riihim\u00e4ki &#8211; Hyvink\u00e4\u00e4 1.11.2018<\/strong><\/a><\/p>\n<hr \/>\n<p><a href=\"http:\/\/xn--hyvinknkeilailuliitto-b2ba.fi\/tiedostot\/kilpailut%202018-2019\/liitto-ottelut\/Tuusula-Hyvink%c3%a4%c3%a4%2027.10.2018.pdf\"><strong>Tuusula &#8211; Hyvink\u00e4\u00e4 27.10.2018<\/strong><\/a><\/p>\n<hr \/>\n<p><strong>Liitto-ottelut 2017-2018<\/strong><\/p>\n<p><strong>Veteraanit: <a href=\"http:\/\/xn--hyvinknkeilailuliitto-b2ba.fi\/wp-content\/uploads\/2018\/03\/hvnk-rixu_22.3.2018.jpg\" target=\"_blank\" rel=\"noopener noreferrer\">Hyvink\u00e4\u00e4 &#8211; Riihim\u00e4ki (22.3.2018)<\/a><\/strong><\/p>\n<p><strong>Veteraanit Hyvink\u00e4\u00e4 &#8211; Forssa (25.1.2018)<\/strong><br \/>\nForssa voitti yhteispisteill\u00e4:<br \/>\nHyvink\u00e4\u00e4 21069 &#8211; Forssa 21107<\/p>\n<p><strong>Hyvink\u00e4\u00e4 &#8211; Tuusula (2.12.2017)<\/strong><br \/>\nHyvink\u00e4\u00e4 13030 &#8211; Tuusula 12646<\/p>\n<hr \/>\n<h1>Liitto-ottelut 2016-2017<\/h1>\n<p><strong>16.3.2017 Hyvink\u00e4\u00e4 &#8211; H\u00e4meenlinna veteraanit<\/strong><br \/>\nH\u00e4meenlinna voitti yhteispisteill\u00e4:<br \/>\nHyvink\u00e4\u00e4 18620 &#8211; H\u00e4meenlinna 18753<\/p>\n<p><a href=\"http:\/\/xn--hyvinknkeilailuliitto-b2ba.fi\/tiedostot\/Kilpailut%202016-2017\/liitto-ottelut\/Hyvink%c3%a4%c3%a4-H%c3%a4meenlinna.pdf\"><strong>tulokset Hyvink\u00e4\u00e4ll\u00e4<\/strong><\/a><br \/>\n<a href=\"http:\/\/xn--hyvinknkeilailuliitto-b2ba.fi\/tiedostot\/Kilpailut%202016-2017\/liitto-ottelut\/Hyv-Hml.pdf\"><strong>tulokset H\u00e4meenlinnassa<\/strong><\/a><\/p>\n<p>16.2. Hyvink\u00e4\u00e4 &#8211; Riihim\u00e4ki<br \/>\n<em>Veteraanit<\/em><br \/>\nRiihim\u00e4ki voitti 116 pisteell\u00e4. (1 osaottelussa Hyvink\u00e4\u00e4 oli parempi 383 pisteell\u00e4). Yhteispisteiss\u00e4 voittaja on Hyvink\u00e4\u00e4 267 pisteell\u00e4. <a href=\"http:\/\/xn--hyvinknkeilailuliitto-b2ba.fi\/wp-content\/uploads\/2016\/10\/Vet._Liitto-ottelu_Hyvink\u00e4\u00e4_-_Riihim\u00e4ki.pdf\" target=\"_blank\" rel=\"noopener noreferrer\">Tulokset t\u00e4st\u00e4.<\/a><\/p>\n<hr \/>\n<p>2.2.2017 Hyvink\u00e4\u00e4 &#8211; Forssa<br \/>\n<em>Veteraanit<\/em><br \/>\nHyvink\u00e4\u00e4 voitti kotonaan 419 pisteell\u00e4, mutta h\u00e4visi Forssassa 629 pisteell\u00e4. Yhteistulos forssalaisille 210. Hyvink\u00e4\u00e4ll\u00e4 pelattiin 4+4 ja forssassa 6 sarjaa.<br \/>\n<a href=\"http:\/\/xn--hyvinknkeilailuliitto-b2ba.fi\/wp-content\/uploads\/2016\/10\/Hyvink\u00e4\u00e4-Forssa_2.2.2017.pdf\" target=\"_blank\" rel=\"noopener noreferrer\">Hyvink\u00e4\u00e4n tulokset t\u00e4st\u00e4<\/a>. <a href=\"http:\/\/xn--hyvinknkeilailuliitto-b2ba.fi\/wp-content\/uploads\/2016\/10\/forssassa.jpg\" target=\"_blank\" rel=\"noopener noreferrer\">Forssan tulokset t\u00e4st\u00e4<\/a>.<\/p>\n<hr \/>\n<p>24.11.2016 Riihim\u00e4ki<br \/>\n<em>Veteraanit<\/em><br \/>\n1 osaottelussa Hyvink\u00e4\u00e4 oli parempi 383 pisteell\u00e4. Toinen ottelu pelataan Hyvink\u00e4\u00e4ll\u00e4 kev\u00e4\u00e4ll\u00e4 2017. <a href=\"http:\/\/xn--hyvinknkeilailuliitto-b2ba.fi\/wp-content\/uploads\/2016\/10\/Hyvinkaa_Riihimaki_vet.pdf\">Tulokset t\u00e4st\u00e4<\/a><\/p>\n<hr \/>\n<p>23.10.2016 Tuusula<\/p>\n<p>Tuusula &#8211; Hyvink\u00e4\u00e4 9492 &#8211; 9579 +87<br \/>\nHyvink\u00e4\u00e4 voitti loppukirin turvin 87:ll\u00e4 pisteell\u00e4. <a href=\"http:\/\/xn--hyvinknkeilailuliitto-b2ba.fi\/wp-content\/uploads\/2016\/10\/Liitto-Ottelu_Tuusula_23.10.2016.pdf\">Tulokset t\u00e4st\u00e4<\/a><\/p>\n","protected":false},"excerpt":{"rendered":"<p>Hyvink\u00e4\u00e4 &#8211; Riihim\u00e4ki veteraanit 28.3.2024 Liitto-ottelu vs. Tuusula 18.2.2023 Liitto-ottelut 2018 &#8211; 2019 Hyvink\u00e4\u00e4 \u00a0&#8211; \u00a0Tuusula 6.5.2019 Veteraanit Hyvink\u00e4\u00e4 \u00a0&#8211; \u00a0Riihim\u00e4ki 14.3.2019 Yhteistulos kausi 2018-2019 Hyvink\u00e4\u00e4 21094 \u00a0&#8211; \u00a0Riihim\u00e4ki 21646 Veteraanit Hyvink\u00e4\u00e4 \u00a0&#8211; \u00a0H\u00e4meenlinna 21.2.2019 18689 \u00a0&#8211; \u00a018605 Veteraanit Hyvink\u00e4\u00e4 &hellip; <a href=\"https:\/\/xn--hyvinknkeilailuliitto-b2ba.fi\/?page_id=1794\">Lue loppuun <span class=\"meta-nav\">&rarr;<\/span><\/a><\/p>\n","protected":false},"author":3,"featured_media":0,"parent":0,"menu_order":3,"comment_status":"closed","ping_status":"closed","template":"","meta":{"footnotes":""},"class_list":["post-1794","page","type-page","status-publish","hentry"],"_links":{"self":[{"href":"https:\/\/xn--hyvinknkeilailuliitto-b2ba.fi\/index.php?rest_route=\/wp\/v2\/pages\/1794","targetHints":{"allow":["GET"]}}],"collection":[{"href":"https:\/\/xn--hyvinknkeilailuliitto-b2ba.fi\/index.php?rest_route=\/wp\/v2\/pages"}],"about":[{"href":"https:\/\/xn--hyvinknkeilailuliitto-b2ba.fi\/index.php?rest_route=\/wp\/v2\/types\/page"}],"author":[{"embeddable":true,"href":"https:\/\/xn--hyvinknkeilailuliitto-b2ba.fi\/index.php?rest_route=\/wp\/v2\/users\/3"}],"replies":[{"embeddable":true,"href":"https:\/\/xn--hyvinknkeilailuliitto-b2ba.fi\/index.php?rest_route=%2Fwp%2Fv2%2Fcomments&post=1794"}],"version-history":[{"count":44,"href":"https:\/\/xn--hyvinknkeilailuliitto-b2ba.fi\/index.php?rest_route=\/wp\/v2\/pages\/1794\/revisions"}],"predecessor-version":[{"id":7084,"href":"https:\/\/xn--hyvinknkeilailuliitto-b2ba.fi\/index.php?rest_route=\/wp\/v2\/pages\/1794\/revisions\/7084"}],"wp:attachment":[{"href":"https:\/\/xn--hyvinknkeilailuliitto-b2ba.fi\/index.php?rest_route=%2Fwp%2Fv2%2Fmedia&parent=1794"}],"curies":[{"name":"wp","href":"https:\/\/api.w.org\/{rel}","templated":true}]}}