{"id":12,"date":"2013-03-24T10:39:12","date_gmt":"2013-03-24T08:39:12","guid":{"rendered":"http:\/\/xn--hyvinknkeilailuliitto-b2ba.fi\/?page_id=12"},"modified":"2025-03-23T13:05:22","modified_gmt":"2025-03-23T11:05:22","slug":"seurat","status":"publish","type":"page","link":"https:\/\/xn--hyvinknkeilailuliitto-b2ba.fi\/?page_id=12","title":{"rendered":"Seurat"},"content":{"rendered":"<p><strong><a href=\"http:\/\/acat.sporttisaitti.com\/\" target=\"_blank\" rel=\"noopener noreferrer\"><strong>Keilaseura aCat<\/strong><\/a><\/strong><\/p>\n<p><strong>Bermuda Bowling Team (Bermuda BT)<\/strong><\/p>\n<p><strong>Grand Bowl Finland (GBF)<\/strong><\/p>\n<p><strong>Harrastaja-Hyvink\u00e4\u00e4 (Ensilisenssi -keilaajat)<\/strong><\/p>\n<p><a href=\"http:\/\/www.hyvinkaankeilaajat.fi\/\" target=\"_blank\" rel=\"noopener noreferrer\"><strong>Hyvink\u00e4\u00e4n Keilaajat (HyKe)<\/strong><\/a><\/p>\n<p><strong>Jassit<\/strong><\/p>\n<p><strong><a title=\"Keilaseura Kamut\" href=\"http:\/\/www.kamuthyvink\u00e4\u00e4.com\/\" target=\"_blank\" rel=\"noopener noreferrer\">Keilaseura Kamut<\/a><\/strong><\/p>\n<p><a href=\"https:\/\/nurmijarvenkeilaajat.yhdistysavain.fi\/\"><strong>Nurmij\u00e4rven Keilaajat (NurKe)<\/strong><\/a><\/p>\n<p><strong>Pinjets<\/strong><\/p>\n<p><a href=\"https:\/\/keilaseurapyrsto-sporttisaitti-com.directo.fi\/\" target=\"_blank\" rel=\"noopener noreferrer\"><strong>Keilaseura Pyrst\u00f6<\/strong><\/a><\/p>\n<p><strong><a title=\"UK88\" href=\"http:\/\/uk88.sporttisaitti.com\/\" target=\"_blank\" rel=\"noopener noreferrer\">Urakankeila 88 (UK88)<\/a><\/strong><\/p>\n","protected":false},"excerpt":{"rendered":"<p>Keilaseura aCat Bermuda Bowling Team (Bermuda BT) Grand Bowl Finland (GBF) Harrastaja-Hyvink\u00e4\u00e4 (Ensilisenssi -keilaajat) Hyvink\u00e4\u00e4n Keilaajat (HyKe) Jassit Keilaseura Kamut Nurmij\u00e4rven Keilaajat (NurKe) Pinjets Keilaseura Pyrst\u00f6 Urakankeila 88 (UK88)<\/p>\n","protected":false},"author":3,"featured_media":0,"parent":0,"menu_order":45,"comment_status":"closed","ping_status":"closed","template":"","meta":{"footnotes":""},"class_list":["post-12","page","type-page","status-publish","hentry"],"_links":{"self":[{"href":"https:\/\/xn--hyvinknkeilailuliitto-b2ba.fi\/index.php?rest_route=\/wp\/v2\/pages\/12","targetHints":{"allow":["GET"]}}],"collection":[{"href":"https:\/\/xn--hyvinknkeilailuliitto-b2ba.fi\/index.php?rest_route=\/wp\/v2\/pages"}],"about":[{"href":"https:\/\/xn--hyvinknkeilailuliitto-b2ba.fi\/index.php?rest_route=\/wp\/v2\/types\/page"}],"author":[{"embeddable":true,"href":"https:\/\/xn--hyvinknkeilailuliitto-b2ba.fi\/index.php?rest_route=\/wp\/v2\/users\/3"}],"replies":[{"embeddable":true,"href":"https:\/\/xn--hyvinknkeilailuliitto-b2ba.fi\/index.php?rest_route=%2Fwp%2Fv2%2Fcomments&post=12"}],"version-history":[{"count":24,"href":"https:\/\/xn--hyvinknkeilailuliitto-b2ba.fi\/index.php?rest_route=\/wp\/v2\/pages\/12\/revisions"}],"predecessor-version":[{"id":7941,"href":"https:\/\/xn--hyvinknkeilailuliitto-b2ba.fi\/index.php?rest_route=\/wp\/v2\/pages\/12\/revisions\/7941"}],"wp:attachment":[{"href":"https:\/\/xn--hyvinknkeilailuliitto-b2ba.fi\/index.php?rest_route=%2Fwp%2Fv2%2Fmedia&parent=12"}],"curies":[{"name":"wp","href":"https:\/\/api.w.org\/{rel}","templated":true}]}}