{"id":109,"date":"2013-04-03T18:05:23","date_gmt":"2013-04-03T16:05:23","guid":{"rendered":"http:\/\/xn--hyvinknkeilailuliitto-b2ba.fi\/?page_id=109"},"modified":"2018-05-31T12:49:09","modified_gmt":"2018-05-31T10:49:09","slug":"saannot","status":"publish","type":"page","link":"https:\/\/xn--hyvinknkeilailuliitto-b2ba.fi\/?page_id=109","title":{"rendered":"S\u00e4\u00e4nn\u00f6t"},"content":{"rendered":"<p><strong><u>\u00a0Hyvink\u00e4\u00e4n Keilailuliitto ry:n s\u00e4\u00e4nn\u00f6t<\/u><\/strong><\/p>\n<p>1\u00a7<\/p>\n<p>Yhdistyksen, jota n\u00e4iss\u00e4 s\u00e4\u00e4nn\u00f6iss\u00e4 kutsutaan liitoksi, nimi on Hyvink\u00e4\u00e4n Keilailuliitto ry.\u00a0 Sen kotipaikka on Hyvink\u00e4\u00e4n kaupunki.<\/p>\n<p>&nbsp;<\/p>\n<p>2\u00a7<\/p>\n<p>Liiton tarkoituksena on johtaa ja valvoa toiminta-alueellaan keilailu-urheilun kehitt\u00e4mist\u00e4, edist\u00e4\u00e4 sit\u00e4 ja sen tunnetuksi tekemist\u00e4 sek\u00e4 toimia liittoon kuuluvien keilaseurojen yhdyssiteen\u00e4.\u00a0 T\u00e4m\u00e4n tarkoituksen saavuttaakseen liitto kaikin tavoin valvoo ja tukee j\u00e4senseurojensa toimintaa, harjoittaa keilailua ja sen kehityst\u00e4 koskevaa tiedotustoimintaa, j\u00e4rjest\u00e4\u00e4 seuroille ja niiden j\u00e4senille vuosittain yhteisen kilpailuohjelman sek\u00e4 yll\u00e4pit\u00e4\u00e4 yhteytt\u00e4 sen kanssa yhteistoiminnassa oleviin\u00a0niin koti- kuin ulkomaisiin keilailuliittoihin.<\/p>\n<p>&nbsp;<\/p>\n<p>3\u00a7<\/p>\n<p>Liiton asioita hoitaa lainmukaisena syyskokouksen valitsema hallitus, johon kuuluu liiton puheenjohtaja sek\u00e4 kahdeksan (8) varsinaista ja kaksi (2) varaj\u00e4sent\u00e4.\u00a0 Puheenjohtaja valitaan kahdeksi (2) vuodeksi kerrallaan.\u00a0 Hallituksen varsinaiset ja varaj\u00e4senet valitaan kahdeksi (2) vuodeksi ja heist\u00e4 joutuu vuosittain nelj\u00e4 (4) varsinaista ja yksi (1) varaj\u00e4sen eroamisvuoroon.<\/p>\n<p>&nbsp;<\/p>\n<p>4\u00a7<\/p>\n<p>Hallitus valitsee keskuudestaan varapuheenjohtajan sek\u00e4 valitsee sihteerin ja rahastonhoitajan sek\u00e4 muut mahdolliset tarvittavat virkailijat.\u00a0 Hallitus kokoontuu<\/p>\n<p>puheenjohtajan tai varapuheenjohtajan kutsusta tai jos hallituksen viisi (5) j\u00e4sent\u00e4 sit\u00e4 vaatii.\u00a0 Hallitus on p\u00e4\u00e4t\u00f6svaltainen, jos v\u00e4hint\u00e4\u00e4n viisi (5) sen j\u00e4sent\u00e4 on saapuvilla ja kokouksesta on kaikille ilmoitettu.\u00a0 Liiton nimen kirjoittaa joko puheenjohtaja tai varapuheenjohtaja yhdess\u00e4 sihteerin tai rahastonhoitajan kanssa.<\/p>\n<p>&nbsp;<\/p>\n<p>5\u00a7<\/p>\n<p>Hallitus toimii liiton toimeenpanevana elimen\u00e4 ja sen teht\u00e4viin kuuluu:<\/p>\n<ol>\n<li>Valvoa liiton yleisi\u00e4 ja taloudellisia etuja sek\u00e4 s\u00e4\u00e4nt\u00f6jen ja kilpailu- ja muiden m\u00e4\u00e4r\u00e4ysten noudattamista.<\/li>\n<\/ol>\n<ol start=\"2\">\n<li>Kutsua koolle liiton kokoukset, valmistaa liiton kokouksessa k\u00e4sitelt\u00e4v\u00e4t asiat, panna t\u00e4yt\u00e4nt\u00f6\u00f6n tehdyt p\u00e4\u00e4t\u00f6kset sek\u00e4 huolehtia liiton juoksevista asioista ja tehd\u00e4 toiminnan edist\u00e4mist\u00e4 tarkoittavia aloitteita.<\/li>\n<\/ol>\n<ol start=\"3\">\n<li>J\u00e4rjest\u00e4\u00e4 tai velvoittaa j\u00e4senyhdistyksi\u00e4 j\u00e4rjest\u00e4m\u00e4\u00e4n yleisi\u00e4 keilailukilpailuja sek\u00e4 valvoa, ett\u00e4 niiss\u00e4 noudatetaan voimassa olevia s\u00e4\u00e4nt\u00f6j\u00e4 ja m\u00e4\u00e4r\u00e4yksi\u00e4.<\/li>\n<\/ol>\n<ol start=\"4\">\n<li>Ratkaista liiton piiriss\u00e4 mahdollisesti ilmenev\u00e4t erimielisyydet sek\u00e4 tarvittaessa Suomen Keilailuliiton s\u00e4\u00e4nt\u00f6jen sallimissa puitteissa ryhty\u00e4 rankaisutoimenpiteisiin.<\/li>\n<\/ol>\n<ol start=\"5\">\n<li>Pit\u00e4\u00e4 p\u00f6yt\u00e4kirjaa kokouksissa tehdyist\u00e4 p\u00e4\u00e4t\u00f6ksist\u00e4 sek\u00e4 kirjanpitoa liiton rahavaroista ja omaisuudesta.<\/li>\n<\/ol>\n<ol start=\"6\">\n<li>Pit\u00e4\u00e4 luetteloa liiton yhdistysj\u00e4senist\u00e4 sek\u00e4 yhdistysj\u00e4senten ilmoittamista keilaajaj\u00e4senist\u00e4.<\/li>\n<\/ol>\n<ol start=\"7\">\n<li>Edist\u00e4\u00e4 ja tukea keilailuyhdistysten syntymist\u00e4 sek\u00e4 lajiin liittyv\u00e4\u00e4 muuta toimintaa.<\/li>\n<\/ol>\n<p>&nbsp;<\/p>\n<p>6\u00a7<\/p>\n<p>Liiton yhdistysj\u00e4seneksi voi p\u00e4\u00e4st\u00e4 jokainen rekister\u00f6ity keilailuyhdistys, johon kuuluu v\u00e4hint\u00e4\u00e4n kuusi (6) j\u00e4sent\u00e4 ja jonka liiton hallitus hyv\u00e4ksyy.\u00a0 Liiton j\u00e4senyytt\u00e4 tulee hakea kirjallisesti hallitukselta ja hakemukseen on liitett\u00e4v\u00e4 syyskokouksessa vahvistettu kirjaamismaksu, joka palautetaan, ellei hakemusta hyv\u00e4ksyt\u00e4.<\/p>\n<p>&nbsp;<\/p>\n<p>7\u00a7<\/p>\n<p>Liiton j\u00e4senten kilpailuoikeudesta ovat voimassa Suomen Keilailuliiton vahvistamat kilpailu-, edustus- ja muut t\u00e4t\u00e4 asiaa koskevat m\u00e4\u00e4r\u00e4ykset.<\/p>\n<p>&nbsp;<\/p>\n<p>8\u00a7<\/p>\n<p>Liiton tilivuosi on kalenterivuosi.\u00a0 Tilien tulee olla p\u00e4\u00e4tetyt viimeist\u00e4\u00e4n maaliskuun 31. p\u00e4iv\u00e4\u00e4n menness\u00e4, jolloin ne p\u00f6yt\u00e4- ym. asiakirjoineen on j\u00e4tett\u00e4v\u00e4 toiminnantarkastajalle.\u00a0 Toiminnantarkastajan on j\u00e4tett\u00e4v\u00e4 tarkastuskertomus hallitukselle 14 p\u00e4iv\u00e4n kuluessa siit\u00e4, kun toiminnantarkastaja on saanut tarvitsemansa asiakirjat.\u00a0 Liiton kev\u00e4tkokous pidet\u00e4\u00e4n huhtikuun aikana ja syyskokous syyskuun\u00a0 aikana sek\u00e4 ylim\u00e4\u00e4r\u00e4iset liiton kokoukset, milloin hallitus katsoo sellaisten pit\u00e4misen tarpeelliseksi tai v\u00e4hint\u00e4\u00e4n kolme (3) j\u00e4senyhdistyst\u00e4 sit\u00e4 kirjallisesti hallitukselta pyyt\u00e4\u00e4 esitt\u00e4en samalla ne kysymykset, jotka halutaan kokouksessa k\u00e4sitelt\u00e4viksi.\u00a0 Kokouspaikan ja \u2013ajan m\u00e4\u00e4r\u00e4\u00e4 hallitus.<\/p>\n<p>&nbsp;<\/p>\n<p>9\u00a7<\/p>\n<p>Liiton kokouksen kutsu, jossa on mainittava kokouksessa k\u00e4sitelt\u00e4v\u00e4t asiat, on julkaistava ainakin seitsem\u00e4n (7) p\u00e4iv\u00e4\u00e4 ennen kokousta internetsivustolla, jonka vuosikokous on m\u00e4\u00e4r\u00e4nnyt liiton viralliseksi \u00e4\u00e4nenkannattajaksi sek\u00e4 Hyvink\u00e4\u00e4n keilahallin ilmoitustaululla.<\/p>\n<p>&nbsp;<\/p>\n<p>10\u00a7<\/p>\n<p>Jokaisella j\u00e4senyhdistyksell\u00e4 on liiton kokouksissa yksi \u00e4\u00e4ni kutakin alkavaa kymment\u00e4 (10) rekister\u00f6ity\u00e4 j\u00e4sent\u00e4 kohti.\u00a0 Kuitenkaan mik\u00e4\u00e4n j\u00e4senyhdistys ei saa \u00e4\u00e4nest\u00e4\u00e4 enemm\u00e4ll\u00e4 kuin yhdell\u00e4 nelj\u00e4nneksell\u00e4 kokouksessa edustettuina olevasta \u00e4\u00e4nim\u00e4\u00e4r\u00e4st\u00e4.\u00a0 Sama henkil\u00f6 saa edustaa ainoastaan yht\u00e4 j\u00e4senyhdistyst\u00e4 ja h\u00e4nen tulee olla t\u00e4m\u00e4n rekister\u00f6ity j\u00e4sen.\u00a0 J\u00e4senyhdistykset valitsevat yhden (1) \u00e4\u00e4nioikeutetun edustajan ja lis\u00e4ksi enint\u00e4\u00e4n kaksi (2) edustajaa, joilla on puhe- mutta ei \u00e4\u00e4nestysoikeutta, k\u00e4ytt\u00e4m\u00e4\u00e4n edustusoikeuttaan liiton kokouksissa.<\/p>\n<p>&nbsp;<\/p>\n<p>11\u00a7<\/p>\n<p>Kokouksessa ratkaistaan yksinkertaisella \u00e4\u00e4ntenenemmist\u00f6ll\u00e4 kaikki muut k\u00e4sitelt\u00e4viksi ilmoitetut asiat, paitsi ne, joista n\u00e4iden s\u00e4\u00e4nt\u00f6jen 14\u00a7 kohdassa on erikseen m\u00e4\u00e4r\u00e4tty.\u00a0 Vaalit toimitetaan avoimella \u00e4\u00e4nestyksell\u00e4, ellei joku kokouksen \u00e4\u00e4nivaltaisista j\u00e4senist\u00e4 vaadi suljettua \u00e4\u00e4nestyst\u00e4.\u00a0 \u00c4\u00e4nten menness\u00e4 tasan ratkaisee arpa.<\/p>\n<p>&nbsp;<\/p>\n<p>12\u00a7<\/p>\n<p>Liiton syyskokouksessa k\u00e4sitell\u00e4\u00e4n seuraavat asiat:<\/p>\n<ol>\n<li>Valitaan kokoukselle puheenjohtaja ja sihteeri<\/li>\n<\/ol>\n<ol start=\"2\">\n<li>Valitaan kaksi (2) p\u00f6yt\u00e4kirjantarkastajaa ja kaksi (2) \u00e4\u00e4ntenlaskijaa.<\/li>\n<\/ol>\n<ol start=\"3\">\n<li>Todetaan kokouksen laillisuus ja p\u00e4\u00e4t\u00f6svaltaisuus<\/li>\n<\/ol>\n<ol start=\"4\">\n<li>Valitaan liitolle puheenjohtaja.<\/li>\n<\/ol>\n<ol start=\"5\">\n<li>Valitaan hallituksen nelj\u00e4 (4) varsinaista ja yksi (1) varaj\u00e4sen eroamisvuorossa olevien tilalle.<\/li>\n<\/ol>\n<ol start=\"6\">\n<li>Valitaan yksi (1) toiminnantarkastaja ja h\u00e4nelle yksi (1) varahenkil\u00f6.<\/li>\n<\/ol>\n<ol start=\"7\">\n<li>M\u00e4\u00e4r\u00e4t\u00e4\u00e4n liiton viralliset \u00e4\u00e4nenkannattajat.<\/li>\n<\/ol>\n<ol start=\"8\">\n<li>Hyv\u00e4ksyt\u00e4\u00e4n toimintakertomus ja toimintasuunnitelma.<\/li>\n<\/ol>\n<ol start=\"9\">\n<li>Vahvistetaan alkavan vuoden tulo- ja menoarvio.<\/li>\n<\/ol>\n<ol start=\"10\">\n<li>Valitaan liiton edustajat eri j\u00e4rjest\u00f6jen ja yhteis\u00f6jen kokouksiin, joissa liitolla on etuja valvottavanaan tai annetaan hallitukselle valtuudet valita Hyvink\u00e4\u00e4n Keilailuliiton edustajat niiden kokouksiin.<\/li>\n<\/ol>\n<ol start=\"11\">\n<li>K\u00e4sitell\u00e4\u00e4n muut kokouskutsussa mainitut asiat.<\/li>\n<\/ol>\n<p>13\u00a7<\/p>\n<p>Liiton kev\u00e4tkokouksessa k\u00e4sitell\u00e4\u00e4n seuraavat asiat:<\/p>\n<ol>\n<li>Valitaan kokoukselle puheenjohtaja ja sihteeri<\/li>\n<\/ol>\n<ol start=\"2\">\n<li>Valitaan kaksi (2) p\u00f6yt\u00e4kirjantarkastajaa ja kaksi (2) \u00e4\u00e4ntenlaskijaa.<\/li>\n<\/ol>\n<ol start=\"3\">\n<li>Todetaan kokouksen laillisuus ja p\u00e4\u00e4t\u00f6svaltaisuus.<\/li>\n<\/ol>\n<ol start=\"4\">\n<li>Esitet\u00e4\u00e4n hallituksen tilikertomus, toiminnantarkastajan antama lausunto sek\u00e4 vahvistetaan tilinp\u00e4\u00e4t\u00f6s.<\/li>\n<\/ol>\n<ol start=\"5\">\n<li>P\u00e4\u00e4tet\u00e4\u00e4n vastuuvapauden my\u00f6nt\u00e4misest\u00e4 hallitukselle.<\/li>\n<\/ol>\n<ol start=\"6\">\n<li>M\u00e4\u00e4r\u00e4t\u00e4\u00e4n vuosi- ja kirjaamismaksut.<\/li>\n<\/ol>\n<ol start=\"7\">\n<li>M\u00e4\u00e4r\u00e4t\u00e4\u00e4n hallituksen j\u00e4senille ja toiminnantarkastajalle maksettavien palkkioiden suuruus.<\/li>\n<\/ol>\n<ol start=\"8\">\n<li>K\u00e4sitell\u00e4\u00e4n muut kokouskutsussa mainitut asiat.<\/li>\n<\/ol>\n<p>&nbsp;<\/p>\n<p>14\u00a7<\/p>\n<p>P\u00e4\u00e4t\u00f6s s\u00e4\u00e4nt\u00f6jen muuttamisesta ja yhdistyksen purkamisesta on teht\u00e4v\u00e4 yhdistyksen syys- tai kev\u00e4tkokouksessa v\u00e4hint\u00e4\u00e4n kolmen nelj\u00e4sosan (3\/4)\u00a0enemmist\u00f6ll\u00e4 annetuista \u00e4\u00e4nist\u00e4.\u00a0 Kokouskutsussa on mainittava s\u00e4\u00e4nt\u00f6jen muuttamisesta tai yhdistyksen purkamisesta.<\/p>\n<p>&nbsp;<\/p>\n<p>15\u00a7<\/p>\n<p>Yhdistyksen purkautuessa tai jos se lakkautetaan, yhdistyksen varat k\u00e4ytet\u00e4\u00e4n yhdistyksen tarkoituksen edist\u00e4miseen purkamisesta p\u00e4\u00e4tt\u00e4v\u00e4n kokouksen tarkemmin m\u00e4\u00e4ritt\u00e4m\u00e4ll\u00e4 tavalla.<\/p>\n<p>&nbsp;<\/p>\n<p>16\u00a7<\/p>\n<p>Tapauksissa, joissa n\u00e4iss\u00e4 s\u00e4\u00e4nn\u00f6iss\u00e4 ei ole nimenomaisia m\u00e4\u00e4r\u00e4yksi\u00e4 tai soveltamisohjeita, noudatetaan voimassaolevan yhdistyslain s\u00e4\u00e4nn\u00f6ksi\u00e4.<\/p>\n<p>&nbsp;<\/p>\n<p>&nbsp;<\/p>\n<p>&nbsp;<\/p>\n<p>&nbsp;<\/p>\n<p>Hyvink\u00e4\u00e4ll\u00e4 29.9.2016<\/p>\n<p>Patentti- ja rekisterihallitus 24.10.2016<\/p>\n<p>&nbsp;<\/p>\n<p>&nbsp;<\/p>\n<p>&nbsp;<\/p>\n","protected":false},"excerpt":{"rendered":"<p>\u00a0Hyvink\u00e4\u00e4n Keilailuliitto ry:n s\u00e4\u00e4nn\u00f6t 1\u00a7 Yhdistyksen, jota n\u00e4iss\u00e4 s\u00e4\u00e4nn\u00f6iss\u00e4 kutsutaan liitoksi, nimi on Hyvink\u00e4\u00e4n Keilailuliitto ry.\u00a0 Sen kotipaikka on Hyvink\u00e4\u00e4n kaupunki. &nbsp; 2\u00a7 Liiton tarkoituksena on johtaa ja valvoa toiminta-alueellaan keilailu-urheilun kehitt\u00e4mist\u00e4, edist\u00e4\u00e4 sit\u00e4 ja sen tunnetuksi tekemist\u00e4 sek\u00e4 toimia &hellip; <a href=\"https:\/\/xn--hyvinknkeilailuliitto-b2ba.fi\/?page_id=109\">Lue loppuun <span class=\"meta-nav\">&rarr;<\/span><\/a><\/p>\n","protected":false},"author":3,"featured_media":0,"parent":0,"menu_order":59,"comment_status":"closed","ping_status":"closed","template":"","meta":{"footnotes":""},"class_list":["post-109","page","type-page","status-publish","hentry"],"_links":{"self":[{"href":"https:\/\/xn--hyvinknkeilailuliitto-b2ba.fi\/index.php?rest_route=\/wp\/v2\/pages\/109","targetHints":{"allow":["GET"]}}],"collection":[{"href":"https:\/\/xn--hyvinknkeilailuliitto-b2ba.fi\/index.php?rest_route=\/wp\/v2\/pages"}],"about":[{"href":"https:\/\/xn--hyvinknkeilailuliitto-b2ba.fi\/index.php?rest_route=\/wp\/v2\/types\/page"}],"author":[{"embeddable":true,"href":"https:\/\/xn--hyvinknkeilailuliitto-b2ba.fi\/index.php?rest_route=\/wp\/v2\/users\/3"}],"replies":[{"embeddable":true,"href":"https:\/\/xn--hyvinknkeilailuliitto-b2ba.fi\/index.php?rest_route=%2Fwp%2Fv2%2Fcomments&post=109"}],"version-history":[{"count":16,"href":"https:\/\/xn--hyvinknkeilailuliitto-b2ba.fi\/index.php?rest_route=\/wp\/v2\/pages\/109\/revisions"}],"predecessor-version":[{"id":2759,"href":"https:\/\/xn--hyvinknkeilailuliitto-b2ba.fi\/index.php?rest_route=\/wp\/v2\/pages\/109\/revisions\/2759"}],"wp:attachment":[{"href":"https:\/\/xn--hyvinknkeilailuliitto-b2ba.fi\/index.php?rest_route=%2Fwp%2Fv2%2Fmedia&parent=109"}],"curies":[{"name":"wp","href":"https:\/\/api.w.org\/{rel}","templated":true}]}}